{"id":36,"date":"2023-11-07T15:58:37","date_gmt":"2023-11-07T18:58:37","guid":{"rendered":"https:\/\/lorinvest.com.br\/erling\/?page_id=36"},"modified":"2025-07-02T16:46:39","modified_gmt":"2025-07-02T19:46:39","slug":"home","status":"publish","type":"page","link":"https:\/\/lorinvest.com.br\/erling\/","title":{"rendered":"Home"},"content":{"rendered":"\t\t<div data-elementor-type=\"wp-post\" data-elementor-id=\"36\" class=\"elementor elementor-36\">\n\t\t\t\t<div class=\"elementor-element elementor-element-fb554eb e-flex e-con-boxed e-con e-parent\" data-id=\"fb554eb\" data-element_type=\"container\" data-e-type=\"container\" data-settings=\"{&quot;background_background&quot;:&quot;classic&quot;}\">\n\t\t\t\t\t<div class=\"e-con-inner\">\n\t\t\t\t<div class=\"elementor-element elementor-element-f51fb29 elementor-widget elementor-widget-image\" data-id=\"f51fb29\" data-element_type=\"widget\" data-e-type=\"widget\" data-widget_type=\"image.default\">\n\t\t\t\t\t\t\t\t\t\t\t\t\t\t\t<img decoding=\"async\" width=\"198\" height=\"35\" src=\"https:\/\/lorinvest.com.br\/erling\/wp-content\/uploads\/2023\/10\/logo-lorinvest.webp\" class=\"attachment-large size-large wp-image-15\" alt=\"Lorinvest\" \/>\t\t\t\t\t\t\t\t\t\t\t\t\t\t\t<\/div>\n\t\t\t\t<div class=\"elementor-element elementor-element-096e2d1 elementor-widget elementor-widget-heading\" data-id=\"096e2d1\" data-element_type=\"widget\" data-e-type=\"widget\" data-widget_type=\"heading.default\">\n\t\t\t\t\t<div class=\"elementor-heading-title elementor-size-default\"><a href=\"https:\/\/lorinvest.com.br\/erling\/\">PT<\/a> | <a href=\"https:\/\/lorinvest.com.br\/erling\/home-en\">EN<\/a><\/div>\t\t\t\t<\/div>\n\t\t\t\t\t<\/div>\n\t\t\t\t<\/div>\n\t\t<div class=\"elementor-element elementor-element-3bd8891 e-flex e-con-boxed e-con e-parent\" data-id=\"3bd8891\" data-element_type=\"container\" data-e-type=\"container\" data-settings=\"{&quot;background_background&quot;:&quot;classic&quot;}\">\n\t\t\t\t\t<div class=\"e-con-inner\">\n\t\t<div class=\"elementor-element elementor-element-21f38d6 e-flex e-con-boxed e-con e-child\" data-id=\"21f38d6\" data-element_type=\"container\" data-e-type=\"container\">\n\t\t\t\t\t<div class=\"e-con-inner\">\n\t\t\t\t<div class=\"elementor-element elementor-element-7d401c8 elementor-widget elementor-widget-image\" data-id=\"7d401c8\" data-element_type=\"widget\" data-e-type=\"widget\" data-widget_type=\"image.default\">\n\t\t\t\t\t\t\t\t\t\t\t\t\t\t\t<img fetchpriority=\"high\" decoding=\"async\" width=\"791\" height=\"282\" src=\"https:\/\/lorinvest.com.br\/erling\/wp-content\/uploads\/2023\/10\/o-impossivel.webp\" class=\"attachment-large size-large wp-image-16\" alt=\"O imposs\u00edvel s\u00f3 demora mais tempo\" srcset=\"https:\/\/lorinvest.com.br\/erling\/wp-content\/uploads\/2023\/10\/o-impossivel.webp 791w, https:\/\/lorinvest.com.br\/erling\/wp-content\/uploads\/2023\/10\/o-impossivel-300x107.webp 300w, https:\/\/lorinvest.com.br\/erling\/wp-content\/uploads\/2023\/10\/o-impossivel-768x274.webp 768w\" sizes=\"(max-width: 791px) 100vw, 791px\" \/>\t\t\t\t\t\t\t\t\t\t\t\t\t\t\t<\/div>\n\t\t\t\t<div class=\"elementor-element elementor-element-f225a30 elementor-widget elementor-widget-text-editor\" data-id=\"f225a30\" data-element_type=\"widget\" data-e-type=\"widget\" data-widget_type=\"text-editor.default\">\n\t\t\t\t\t\t\t\t\t<div id=\"div_block-6-8\" class=\"ct-div-block\"><div id=\"text_block-11-8\" class=\"ct-text-block\"><p>Erling Lorentzen colocou o Brasil no mapa da ind\u00fastria global de celulose ao fundar a Aracruz. Foi um vision\u00e1rio ambiental, um transformador social e uma refer\u00eancia de governan\u00e7a empresarial no pa\u00eds &#8211; vetor de ESG d\u00e9cadas antes de a sigla existir. Her\u00f3i da II Guerra, primeiro plebeu a ingressar na fam\u00edlia real norueguesa, brasileiro de cora\u00e7\u00e3o.<\/p><p>O document\u00e1rio &#8220;O imposs\u00edvel s\u00f3 demora mais tempo&#8221; &#8211; frase dele &#8211; foi lan\u00e7ado no dia 28 de Janeiro de 2023, no dia em que Erling faria 100 anos. Lembr\u00e1-lo \u00e9 uma das muitas formas de mantermos sua hist\u00f3ria e seu legado vivos.<\/p><\/div><\/div>\t\t\t\t\t\t\t\t<\/div>\n\t\t\t\t<div class=\"elementor-element elementor-element-1038ee3 elementor-mobile-align-center elementor-widget elementor-widget-button\" data-id=\"1038ee3\" data-element_type=\"widget\" data-e-type=\"widget\" data-widget_type=\"button.default\">\n\t\t\t\t\t\t\t\t\t\t<a class=\"elementor-button elementor-button-link elementor-size-sm\" href=\"#video\">\n\t\t\t\t\t\t<span class=\"elementor-button-content-wrapper\">\n\t\t\t\t\t\t<span class=\"elementor-button-icon\">\n\t\t\t\t<svg aria-hidden=\"true\" class=\"e-font-icon-svg e-far-play-circle\" viewBox=\"0 0 512 512\" xmlns=\"http:\/\/www.w3.org\/2000\/svg\"><path d=\"M371.7 238l-176-107c-15.8-8.8-35.7 2.5-35.7 21v208c0 18.4 19.8 29.8 35.7 21l176-101c16.4-9.1 16.4-32.8 0-42zM504 256C504 119 393 8 256 8S8 119 8 256s111 248 248 248 248-111 248-248zm-448 0c0-110.5 89.5-200 200-200s200 89.5 200 200-89.5 200-200 200S56 366.5 56 256z\"><\/path><\/svg>\t\t\t<\/span>\n\t\t\t\t\t\t\t\t\t<span class=\"elementor-button-text\">Assita ao document\u00e1rio completo<\/span>\n\t\t\t\t\t<\/span>\n\t\t\t\t\t<\/a>\n\t\t\t\t\t\t\t\t<\/div>\n\t\t\t\t\t<\/div>\n\t\t\t\t<\/div>\n\t\t<div class=\"elementor-element elementor-element-f1b192f e-flex e-con-boxed e-con e-child\" data-id=\"f1b192f\" data-element_type=\"container\" data-e-type=\"container\">\n\t\t\t\t\t<div class=\"e-con-inner\">\n\t\t\t\t<div class=\"elementor-element elementor-element-8fb78ad elementor-widget elementor-widget-image\" data-id=\"8fb78ad\" data-element_type=\"widget\" data-e-type=\"widget\" data-widget_type=\"image.default\">\n\t\t\t\t\t\t\t\t\t\t\t\t\t\t\t<img decoding=\"async\" width=\"715\" height=\"952\" src=\"https:\/\/lorinvest.com.br\/erling\/wp-content\/uploads\/2023\/10\/FOTO-ERLING.webp\" class=\"attachment-large size-large wp-image-13\" alt=\"Erling Lorentzen\" srcset=\"https:\/\/lorinvest.com.br\/erling\/wp-content\/uploads\/2023\/10\/FOTO-ERLING.webp 715w, https:\/\/lorinvest.com.br\/erling\/wp-content\/uploads\/2023\/10\/FOTO-ERLING-225x300.webp 225w\" sizes=\"(max-width: 715px) 100vw, 715px\" \/>\t\t\t\t\t\t\t\t\t\t\t\t\t\t\t<\/div>\n\t\t\t\t\t<\/div>\n\t\t\t\t<\/div>\n\t\t\t\t\t<\/div>\n\t\t\t\t<\/div>\n\t\t<div class=\"elementor-element elementor-element-0183b15 e-con-full e-flex e-con e-parent\" data-id=\"0183b15\" data-element_type=\"container\" data-e-type=\"container\">\n\t\t\t\t<div class=\"elementor-element elementor-element-bb56508 elementor-widget elementor-widget-image\" data-id=\"bb56508\" data-element_type=\"widget\" data-e-type=\"widget\" data-widget_type=\"image.default\">\n\t\t\t\t\t\t\t\t\t\t\t\t\t\t\t<img loading=\"lazy\" decoding=\"async\" width=\"1920\" height=\"347\" src=\"https:\/\/lorinvest.com.br\/erling\/wp-content\/uploads\/2023\/10\/fotos.webp\" class=\"attachment-full size-full wp-image-17\" alt=\"\" srcset=\"https:\/\/lorinvest.com.br\/erling\/wp-content\/uploads\/2023\/10\/fotos.webp 1920w, https:\/\/lorinvest.com.br\/erling\/wp-content\/uploads\/2023\/10\/fotos-300x54.webp 300w, https:\/\/lorinvest.com.br\/erling\/wp-content\/uploads\/2023\/10\/fotos-1024x185.webp 1024w, https:\/\/lorinvest.com.br\/erling\/wp-content\/uploads\/2023\/10\/fotos-768x139.webp 768w, https:\/\/lorinvest.com.br\/erling\/wp-content\/uploads\/2023\/10\/fotos-1536x278.webp 1536w\" sizes=\"(max-width: 1920px) 100vw, 1920px\" \/>\t\t\t\t\t\t\t\t\t\t\t\t\t\t\t<\/div>\n\t\t\t\t<\/div>\n\t\t<div class=\"elementor-element elementor-element-1dab06d e-flex e-con-boxed e-con e-parent\" data-id=\"1dab06d\" data-element_type=\"container\" data-e-type=\"container\" id=\"video\">\n\t\t\t\t\t<div class=\"e-con-inner\">\n\t\t\t\t<div class=\"elementor-element elementor-element-90b6754 elementor-widget elementor-widget-html\" data-id=\"90b6754\" data-element_type=\"widget\" data-e-type=\"widget\" data-widget_type=\"html.default\">\n\t\t\t\t\t<script src=\"https:\/\/fast.wistia.com\/embed\/medias\/ouo8vrtqnv.jsonp\" async><\/script><script src=\"https:\/\/fast.wistia.com\/assets\/external\/E-v1.js\" async><\/script><div class=\"wistia_responsive_padding\" style=\"padding:56.25% 0 0 0;position:relative;\"><div class=\"wistia_responsive_wrapper\" style=\"height:100%;left:0;position:absolute;top:0;width:100%;\"><span class=\"wistia_embed wistia_async_ouo8vrtqnv popover=true videoFoam=true\" style=\"display:inline-block;height:100%;position:relative;width:100%\">&nbsp;<\/span><\/div><\/div>\t\t\t\t<\/div>\n\t\t\t\t\t<\/div>\n\t\t\t\t<\/div>\n\t\t<div class=\"elementor-element elementor-element-3506e33 e-flex e-con-boxed e-con e-parent\" data-id=\"3506e33\" data-element_type=\"container\" data-e-type=\"container\" data-settings=\"{&quot;background_background&quot;:&quot;classic&quot;}\">\n\t\t\t\t\t<div class=\"e-con-inner\">\n\t\t\t\t<div class=\"elementor-element elementor-element-cc713db elementor-widget elementor-widget-image\" data-id=\"cc713db\" data-element_type=\"widget\" data-e-type=\"widget\" data-widget_type=\"image.default\">\n\t\t\t\t\t\t\t\t\t\t\t\t\t\t\t<img decoding=\"async\" width=\"198\" height=\"35\" src=\"https:\/\/lorinvest.com.br\/erling\/wp-content\/uploads\/2023\/10\/logo-lorinvest.webp\" class=\"attachment-large size-large wp-image-15\" alt=\"Lorinvest\" \/>\t\t\t\t\t\t\t\t\t\t\t\t\t\t\t<\/div>\n\t\t\t\t<div class=\"elementor-element elementor-element-03df500 elementor-shape-circle elementor-grid-0 e-grid-align-center elementor-widget elementor-widget-social-icons\" data-id=\"03df500\" data-element_type=\"widget\" data-e-type=\"widget\" data-widget_type=\"social-icons.default\">\n\t\t\t\t\t\t\t<div class=\"elementor-social-icons-wrapper elementor-grid\" role=\"list\">\n\t\t\t\t\t\t\t<span class=\"elementor-grid-item\" role=\"listitem\">\n\t\t\t\t\t<a class=\"elementor-icon elementor-social-icon elementor-social-icon-linkedin elementor-repeater-item-4514ebb\" href=\"https:\/\/www.linkedin.com\/company\/lorinvest-gestao-de-recursos\/\" target=\"_blank\" rel=\"noopener\">\n\t\t\t\t\t\t<span class=\"elementor-screen-only\">Linkedin<\/span>\n\t\t\t\t\t\t<svg aria-hidden=\"true\" class=\"e-font-icon-svg e-fab-linkedin\" viewBox=\"0 0 448 512\" xmlns=\"http:\/\/www.w3.org\/2000\/svg\"><path d=\"M416 32H31.9C14.3 32 0 46.5 0 64.3v383.4C0 465.5 14.3 480 31.9 480H416c17.6 0 32-14.5 32-32.3V64.3c0-17.8-14.4-32.3-32-32.3zM135.4 416H69V202.2h66.5V416zm-33.2-243c-21.3 0-38.5-17.3-38.5-38.5S80.9 96 102.2 96c21.2 0 38.5 17.3 38.5 38.5 0 21.3-17.2 38.5-38.5 38.5zm282.1 243h-66.4V312c0-24.8-.5-56.7-34.5-56.7-34.6 0-39.9 27-39.9 54.9V416h-66.4V202.2h63.7v29.2h.9c8.9-16.8 30.6-34.5 62.9-34.5 67.2 0 79.7 44.3 79.7 101.9V416z\"><\/path><\/svg>\t\t\t\t\t<\/a>\n\t\t\t\t<\/span>\n\t\t\t\t\t\t\t<span class=\"elementor-grid-item\" role=\"listitem\">\n\t\t\t\t\t<a class=\"elementor-icon elementor-social-icon elementor-social-icon-desktop elementor-repeater-item-0517048\" href=\"https:\/\/lorinvest.com.br\/\" target=\"_blank\">\n\t\t\t\t\t\t<span class=\"elementor-screen-only\">Desktop<\/span>\n\t\t\t\t\t\t<svg aria-hidden=\"true\" class=\"e-font-icon-svg e-fas-desktop\" viewBox=\"0 0 576 512\" xmlns=\"http:\/\/www.w3.org\/2000\/svg\"><path d=\"M528 0H48C21.5 0 0 21.5 0 48v320c0 26.5 21.5 48 48 48h192l-16 48h-72c-13.3 0-24 10.7-24 24s10.7 24 24 24h272c13.3 0 24-10.7 24-24s-10.7-24-24-24h-72l-16-48h192c26.5 0 48-21.5 48-48V48c0-26.5-21.5-48-48-48zm-16 352H64V64h448v288z\"><\/path><\/svg>\t\t\t\t\t<\/a>\n\t\t\t\t<\/span>\n\t\t\t\t\t<\/div>\n\t\t\t\t\t\t<\/div>\n\t\t\t\t\t<\/div>\n\t\t\t\t<\/div>\n\t\t<div class=\"elementor-element elementor-element-7a8398f e-flex e-con-boxed e-con e-parent\" data-id=\"7a8398f\" data-element_type=\"container\" data-e-type=\"container\" data-settings=\"{&quot;background_background&quot;:&quot;classic&quot;}\">\n\t\t\t\t\t<div class=\"e-con-inner\">\n\t\t\t\t<div class=\"elementor-element elementor-element-4b833e3 elementor-widget elementor-widget-heading\" data-id=\"4b833e3\" data-element_type=\"widget\" data-e-type=\"widget\" data-widget_type=\"heading.default\">\n\t\t\t\t\t<h2 class=\"elementor-heading-title elementor-size-default\">Document\u00e1rio Erling Lorentzen - Lorinvest -  Todos os direitos reservados \u2013 2023<\/h2>\t\t\t\t<\/div>\n\t\t\t\t\t<\/div>\n\t\t\t\t<\/div>\n\t\t\t\t<\/div>\n\t\t","protected":false},"excerpt":{"rendered":"<p>PT | EN Erling Lorentzen colocou o Brasil no mapa da ind\u00fastria global de celulose ao fundar a Aracruz. Foi um vision\u00e1rio ambiental, um transformador social e uma refer\u00eancia de governan\u00e7a empresarial no pa\u00eds &#8211; vetor de ESG d\u00e9cadas antes de a sigla existir. Her\u00f3i da II Guerra, primeiro plebeu a ingressar na fam\u00edlia real [&hellip;]<\/p>\n","protected":false},"author":1,"featured_media":0,"parent":0,"menu_order":0,"comment_status":"closed","ping_status":"closed","template":"elementor_canvas","meta":{"footnotes":""},"class_list":["post-36","page","type-page","status-publish","hentry"],"_links":{"self":[{"href":"https:\/\/lorinvest.com.br\/erling\/wp-json\/wp\/v2\/pages\/36","targetHints":{"allow":["GET"]}}],"collection":[{"href":"https:\/\/lorinvest.com.br\/erling\/wp-json\/wp\/v2\/pages"}],"about":[{"href":"https:\/\/lorinvest.com.br\/erling\/wp-json\/wp\/v2\/types\/page"}],"author":[{"embeddable":true,"href":"https:\/\/lorinvest.com.br\/erling\/wp-json\/wp\/v2\/users\/1"}],"replies":[{"embeddable":true,"href":"https:\/\/lorinvest.com.br\/erling\/wp-json\/wp\/v2\/comments?post=36"}],"version-history":[{"count":3,"href":"https:\/\/lorinvest.com.br\/erling\/wp-json\/wp\/v2\/pages\/36\/revisions"}],"predecessor-version":[{"id":221,"href":"https:\/\/lorinvest.com.br\/erling\/wp-json\/wp\/v2\/pages\/36\/revisions\/221"}],"wp:attachment":[{"href":"https:\/\/lorinvest.com.br\/erling\/wp-json\/wp\/v2\/media?parent=36"}],"curies":[{"name":"wp","href":"https:\/\/api.w.org\/{rel}","templated":true}]}}